{"id":148,"date":"2020-02-26T18:28:24","date_gmt":"2020-02-26T18:28:24","guid":{"rendered":"https:\/\/selmapicado.com\/acesso\/?page_id=148"},"modified":"2020-02-26T18:28:24","modified_gmt":"2020-02-26T18:28:24","slug":"areas-de-presenca","status":"publish","type":"page","link":"https:\/\/acesso.com.pt\/acesso\/areas-de-presenca\/","title":{"rendered":"\u00c1reas de Presen\u00e7a"},"content":{"rendered":"<p>A Acesso est\u00e1 presente em diversas \u00e1reas de neg\u00f3cio, onde tomamos como miss\u00e3o apoiar as empresas nos seus esfor\u00e7os.<br \/>\nAlgumas dessas \u00e1reas s\u00e3o:<\/p>\n<ul>\n<li class=\"letra12a\">Presta\u00e7\u00e3o de Servi\u00e7os.<\/li>\n<li>Ind\u00fastria Cer\u00e2mica<\/li>\n<li>Ind\u00fastria Transformadora<\/li>\n<li>Com\u00e9rcio por grosso<\/li>\n<li>Com\u00e9rcio a Retalho<\/li>\n<li>Restaura\u00e7\u00e3o<\/li>\n<\/ul>\n","protected":false},"excerpt":{"rendered":"<p>A Acesso est\u00e1 presente em diversas \u00e1reas de neg\u00f3cio, onde tomamos como miss\u00e3o apoiar as empresas nos seus esfor\u00e7os. Algumas dessas \u00e1reas s\u00e3o: Presta\u00e7\u00e3o de Servi\u00e7os. Ind\u00fastria Cer\u00e2mica Ind\u00fastria Transformadora Com\u00e9rcio por grosso Com\u00e9rcio a Retalho Restaura\u00e7\u00e3o<\/p>\n","protected":false},"author":1,"featured_media":0,"parent":0,"menu_order":0,"comment_status":"closed","ping_status":"closed","template":"","meta":{"_acf_changed":false,"ngg_post_thumbnail":0,"footnotes":""},"class_list":["post-148","page","type-page","status-publish","czr-hentry"],"acf":[],"_links":{"self":[{"href":"https:\/\/acesso.com.pt\/acesso\/wp-json\/wp\/v2\/pages\/148","targetHints":{"allow":["GET"]}}],"collection":[{"href":"https:\/\/acesso.com.pt\/acesso\/wp-json\/wp\/v2\/pages"}],"about":[{"href":"https:\/\/acesso.com.pt\/acesso\/wp-json\/wp\/v2\/types\/page"}],"author":[{"embeddable":true,"href":"https:\/\/acesso.com.pt\/acesso\/wp-json\/wp\/v2\/users\/1"}],"replies":[{"embeddable":true,"href":"https:\/\/acesso.com.pt\/acesso\/wp-json\/wp\/v2\/comments?post=148"}],"version-history":[{"count":1,"href":"https:\/\/acesso.com.pt\/acesso\/wp-json\/wp\/v2\/pages\/148\/revisions"}],"predecessor-version":[{"id":149,"href":"https:\/\/acesso.com.pt\/acesso\/wp-json\/wp\/v2\/pages\/148\/revisions\/149"}],"wp:attachment":[{"href":"https:\/\/acesso.com.pt\/acesso\/wp-json\/wp\/v2\/media?parent=148"}],"curies":[{"name":"wp","href":"https:\/\/api.w.org\/{rel}","templated":true}]}}