{"id":188,"date":"2020-02-27T18:08:17","date_gmt":"2020-02-27T18:08:17","guid":{"rendered":"https:\/\/selmapicado.com\/acesso\/?page_id=188"},"modified":"2020-02-28T09:17:44","modified_gmt":"2020-02-28T09:17:44","slug":"assistencia-tecnica","status":"publish","type":"page","link":"https:\/\/acesso.com.pt\/acesso\/assistencia-tecnica\/","title":{"rendered":"Assist\u00eancia T\u00e9cnica"},"content":{"rendered":"<p><img loading=\"lazy\" decoding=\"async\" class=\" wp-image-197 alignleft\" src=\"https:\/\/selmapicado.com\/acesso\/wp-content\/uploads\/2020\/02\/SupportLogo.png\" alt=\"\" width=\"159\" height=\"147\" \/><\/p>\n<p>&nbsp;<\/p>\n<p>&nbsp;<\/p>\n<p>&nbsp;<\/p>\n<p>&nbsp;<\/p>\n<p>&nbsp;<\/p>\n<p>Ao longo dos anos, a Assist\u00eancia T\u00e9cnica de qualidade tem sido a miss\u00e3o perseguida pela Acesso.<\/p>\n<p>\u00c9 nossa opini\u00e3o que \u00e9 nela que a diferen\u00e7a deve sobressair, e \u00e9 por esta postura que procuramos posicionar-nos como um parceiro de confian\u00e7a, tanto para empresas como para particulares.<\/p>\n","protected":false},"excerpt":{"rendered":"<p>&nbsp; &nbsp; &nbsp; &nbsp; &nbsp; Ao longo dos anos, a Assist\u00eancia T\u00e9cnica de qualidade tem sido a miss\u00e3o perseguida pela Acesso. \u00c9 nossa opini\u00e3o que \u00e9 nela que a diferen\u00e7a deve sobressair, e \u00e9 por esta postura que procuramos posicionar-nos como um parceiro de confian\u00e7a, tanto para empresas como para particulares.<\/p>\n","protected":false},"author":1,"featured_media":197,"parent":0,"menu_order":0,"comment_status":"closed","ping_status":"closed","template":"","meta":{"_acf_changed":false,"ngg_post_thumbnail":0,"footnotes":""},"class_list":["post-188","page","type-page","status-publish","has-post-thumbnail","czr-hentry"],"acf":[],"_links":{"self":[{"href":"https:\/\/acesso.com.pt\/acesso\/wp-json\/wp\/v2\/pages\/188","targetHints":{"allow":["GET"]}}],"collection":[{"href":"https:\/\/acesso.com.pt\/acesso\/wp-json\/wp\/v2\/pages"}],"about":[{"href":"https:\/\/acesso.com.pt\/acesso\/wp-json\/wp\/v2\/types\/page"}],"author":[{"embeddable":true,"href":"https:\/\/acesso.com.pt\/acesso\/wp-json\/wp\/v2\/users\/1"}],"replies":[{"embeddable":true,"href":"https:\/\/acesso.com.pt\/acesso\/wp-json\/wp\/v2\/comments?post=188"}],"version-history":[{"count":3,"href":"https:\/\/acesso.com.pt\/acesso\/wp-json\/wp\/v2\/pages\/188\/revisions"}],"predecessor-version":[{"id":202,"href":"https:\/\/acesso.com.pt\/acesso\/wp-json\/wp\/v2\/pages\/188\/revisions\/202"}],"wp:featuredmedia":[{"embeddable":true,"href":"https:\/\/acesso.com.pt\/acesso\/wp-json\/wp\/v2\/media\/197"}],"wp:attachment":[{"href":"https:\/\/acesso.com.pt\/acesso\/wp-json\/wp\/v2\/media?parent=188"}],"curies":[{"name":"wp","href":"https:\/\/api.w.org\/{rel}","templated":true}]}}