{"id":207,"date":"2020-02-28T09:25:29","date_gmt":"2020-02-28T09:25:29","guid":{"rendered":"https:\/\/selmapicado.com\/acesso\/?page_id=207"},"modified":"2022-03-31T10:46:20","modified_gmt":"2022-03-31T09:46:20","slug":"norg","status":"publish","type":"page","link":"https:\/\/acesso.com.pt\/acesso\/norg\/","title":{"rendered":"Norg"},"content":{"rendered":"<table class=\" aligncenter\">\n<tbody>\n<tr>\n<td><img loading=\"lazy\" decoding=\"async\" class=\"alignnone size-full wp-image-336\" src=\"https:\/\/acesso.com.pt\/acesso\/wp-content\/uploads\/2022\/03\/N_Login-4.png\" alt=\"\" width=\"128\" height=\"128\" srcset=\"https:\/\/acesso.com.pt\/acesso\/wp-content\/uploads\/2022\/03\/N_Login-4.png 128w, https:\/\/acesso.com.pt\/acesso\/wp-content\/uploads\/2022\/03\/N_Login-4-100x100.png 100w\" sizes=\"auto, (max-width: 128px) 100vw, 128px\" \/><\/td>\n<td>O Norg \u00e9 um software de contabilidade n\u00e3o organizada que visa a escritura\u00e7\u00e3o de livros referidos no artigo n\u00ba 133\u00ba e 134\u00ba do C\u00f3digo de Contribui\u00e7\u00e3o Industrial.<br \/>\nDesenvolvido pela Acesso, conta com mais de  anos ao servi\u00e7o de apoio de profissionais de contabilidade, e tem sofrido atualiza\u00e7\u00f5es regulares para se manter de acordo com o panorama atual.<\/td>\n<\/tr>\n<\/tbody>\n<\/table>\n<p style=\"text-align: center;\">\n<table id=\"tablepress-1\" class=\"tablepress tablepress-id-1\">\n<tbody class=\"row-striping row-hover\">\n<tr class=\"row-1\">\n\t<td class=\"column-1\"><figure id=\"attachment_211\" aria-describedby=\"caption-attachment-211\" style=\"width: 128px\" class=\"wp-caption aligncenter\"><a href=\"https:\/\/acesso.com.pt\/acesso\/download\/norg500.zip\"><img loading=\"lazy\" decoding=\"async\" class=\"wp-image-211 size-full\" src=\"https:\/\/acesso.com.pt\/acesso\/wp-content\/uploads\/2020\/02\/download.png\" alt=\"Transferir \u00faltima vers\u00e3o\" width=\"128\" height=\"128\" srcset=\"https:\/\/acesso.com.pt\/acesso\/wp-content\/uploads\/2020\/02\/download.png 128w, https:\/\/acesso.com.pt\/acesso\/wp-content\/uploads\/2020\/02\/download-100x100.png 100w\" sizes=\"auto, (max-width: 128px) 100vw, 128px\" \/><\/a><figcaption id=\"caption-attachment-211\" class=\"wp-caption-text\">Atualiza\u00e7\u00e3o<\/figcaption><\/figure><\/td><td class=\"column-2\"><figure id=\"attachment_211\" aria-describedby=\"caption-attachment-211\" style=\"width: 128px\" class=\"wp-caption aligncenter\"><a href=\"https:\/\/acesso.com.pt\/acesso\/download\/norg600.zip\"><img loading=\"lazy\" decoding=\"async\" class=\"wp-image-211 size-full\" src=\"https:\/\/acesso.com.pt\/acesso\/wp-content\/uploads\/2020\/02\/download.png\" alt=\"Transferir \u00faltima vers\u00e3o\" width=\"128\" height=\"128\" srcset=\"https:\/\/acesso.com.pt\/acesso\/wp-content\/uploads\/2020\/02\/download.png 128w, https:\/\/acesso.com.pt\/acesso\/wp-content\/uploads\/2020\/02\/download-100x100.png 100w\" sizes=\"auto, (max-width: 128px) 100vw, 128px\" \/><\/a><figcaption id=\"caption-attachment-211\" class=\"wp-caption-text\">Vers\u00e3o Completa<\/figcaption><\/figure><\/td>\n<\/tr>\n<\/tbody>\n<\/table>\n<!-- #tablepress-1 from cache --><\/p>\n<p><strong>Funcionalidades principais:<\/strong><\/p>\n<ul>\n<li>Multi-Empresa<\/li>\n<li>Multi-Posto<\/li>\n<li>Cria\u00e7\u00e3o de invent\u00e1rio<\/li>\n<li>Declara\u00e7\u00f5es de IVA<\/li>\n<li>Mapas de Gest\u00e3o<\/li>\n<li>Exporta\u00e7\u00e3o de SAF-T de fatura\u00e7\u00e3o a partir dos dados de contabilidade (substitui a inser\u00e7\u00e3o manual dos documentos no portal E-Fatura em clientes sem software certificado)<\/li>\n<\/ul>\n<p>&nbsp;<\/p>\n<p><a href=\"https:\/\/acesso.com.pt\/acesso\/contactos\/\"><img loading=\"lazy\" decoding=\"async\" class=\"alignnone\" src=\"https:\/\/cdn4.iconfinder.com\/data\/icons\/social-media-2097\/94\/phone-512.png\" alt=\"Resultado de imagem para phone icon\" width=\"31\" height=\"31\"><\/a><br \/>\n<strong>Contacte-nos para mais informa\u00e7\u00f5es.<\/strong><\/p>\n<p>[<a href=\"https:\/\/acesso.com.pt\/acesso\/apresentacao-norg\/\">Apresenta\u00e7\u00e3o<\/a>]<\/p>\n<hr>\n<div class=\"external-markdown\"><p><strong>Vers\u00e3o atual<\/strong>: 7.30 (Utilizadores vers\u00f5es inferiores \u2013 OBRIGA A LICEN\u00c7A NOVA)<\/p>\n<p><strong>\u00daltimas altera\u00e7\u00f5es:<\/strong><\/p>\n<ul>\n<li>\n<p>7.500 Ajustes de informa\u00e7\u00e3o ao utilizador<\/p>\n<\/li>\n<li>\n<p>7.300 Utilit\u00e1rios-&gt;Verificar Empresa<\/p>\n<\/li>\n<li>\n<p>7.200 Inserido motivo de isen\u00e7\u00e3o M26 (iva zero)<\/p>\n<\/li>\n<li>\n<p>7.172 otimiza\u00e7\u00e3o a pedido de alguns clientes<\/p>\n<\/li>\n<li>\n<p>7.16 Otimiza\u00e7\u00e3o das Series com o Tipo de Documento\n- Ficheiro Invent\u00e1rio csv<\/p>\n<\/li>\n<li>\n<p>7.07 Analisa erros do Saft<\/p>\n<\/li>\n<li>\n<p>7.05 Criar ficha de registo de Series de Fatura\u00e7\u00e3o e C\u00f3digos\n(ATCUD)\nObrigat\u00f3rio para envios de SAFT 2023\n(O NORG s\u00f3 controla a partir de 2023)<\/p>\n<\/li>\n<\/ul>\n<\/div>\n","protected":false},"excerpt":{"rendered":"<p>O Norg \u00e9 um software de contabilidade n\u00e3o organizada que visa a escritura\u00e7\u00e3o de livros referidos no artigo n\u00ba 133\u00ba e 134\u00ba do C\u00f3digo de Contribui\u00e7\u00e3o Industrial. Desenvolvido pela Acesso, conta com mais de anos ao servi\u00e7o de apoio de profissionais de contabilidade, e tem sofrido atualiza\u00e7\u00f5es regulares para se manter de acordo com o [&hellip;]<\/p>\n","protected":false},"author":1,"featured_media":336,"parent":0,"menu_order":0,"comment_status":"closed","ping_status":"closed","template":"","meta":{"_acf_changed":false,"ngg_post_thumbnail":0,"footnotes":""},"class_list":["post-207","page","type-page","status-publish","has-post-thumbnail","czr-hentry"],"acf":[],"_links":{"self":[{"href":"https:\/\/acesso.com.pt\/acesso\/wp-json\/wp\/v2\/pages\/207","targetHints":{"allow":["GET"]}}],"collection":[{"href":"https:\/\/acesso.com.pt\/acesso\/wp-json\/wp\/v2\/pages"}],"about":[{"href":"https:\/\/acesso.com.pt\/acesso\/wp-json\/wp\/v2\/types\/page"}],"author":[{"embeddable":true,"href":"https:\/\/acesso.com.pt\/acesso\/wp-json\/wp\/v2\/users\/1"}],"replies":[{"embeddable":true,"href":"https:\/\/acesso.com.pt\/acesso\/wp-json\/wp\/v2\/comments?post=207"}],"version-history":[{"count":45,"href":"https:\/\/acesso.com.pt\/acesso\/wp-json\/wp\/v2\/pages\/207\/revisions"}],"predecessor-version":[{"id":388,"href":"https:\/\/acesso.com.pt\/acesso\/wp-json\/wp\/v2\/pages\/207\/revisions\/388"}],"wp:featuredmedia":[{"embeddable":true,"href":"https:\/\/acesso.com.pt\/acesso\/wp-json\/wp\/v2\/media\/336"}],"wp:attachment":[{"href":"https:\/\/acesso.com.pt\/acesso\/wp-json\/wp\/v2\/media?parent=207"}],"curies":[{"name":"wp","href":"https:\/\/api.w.org\/{rel}","templated":true}]}}