{"id":3,"date":"2020-02-07T16:59:54","date_gmt":"2020-02-07T16:59:54","guid":{"rendered":"https:\/\/selmapicado.com\/acesso\/?page_id=3"},"modified":"2022-03-31T11:57:07","modified_gmt":"2022-03-31T10:57:07","slug":"privacy-policy","status":"publish","type":"page","link":"https:\/\/acesso.com.pt\/acesso\/privacy-policy\/","title":{"rendered":"Pol\u00edtica de Privacidade"},"content":{"rendered":"\r\n<h2 class=\"wp-block-heading\">Quem somos<\/h2>\r\n\r\n\r\n\r\n<p>O endere\u00e7o do nosso website \u00e9: <a href=\"https:\/\/acesso.com.pt\">https:\/\/acesso.com.pt<\/a><\/p>\r\n\r\n\r\n\r\n<h2 class=\"wp-block-heading\">Que dados pessoais recolhemos<\/h2>\r\n\r\n\r\n\r\n\r\n\r\n<p>Por regra, este site n\u00e3o recolhe dados do utilizador de forma oculta. Em casos excecionais poder\u00e1 ser pedido algum dado, por exemplo para pedido de contacto, caso tal se revele absolutamente necess\u00e1rio para a execu\u00e7\u00e3o do pedido. Nesses casos, o utilizador \u00e9 informado dos dados necess\u00e1rios e poder\u00e1 decidir se os quer ou n\u00e3o fornecer.<\/p>\r\n\r\n\r\n\r\n\r\n\r\n\r\n\r\n\r\n\r\n<h3 class=\"wp-block-heading\">Conte\u00fado inclu\u00eddo de outros websites<\/h3>\r\n\r\n\r\n\r\n<p>Caso algum conte\u00fado neste site remeta para conte\u00fados externos, esses conte\u00fados ir\u00e3o comportar-se exatamente como se comportariam caso o utilizador acedesse a eles diretamente.<br>Nesses casos, aplica-se a pol\u00edtica de privacidade de dados contida nesses sites.<\/p>\r\n\r\n\r\n\r\n\r\n\r\n<h2 class=\"wp-block-heading\">Por quanto tempo guardamos os seus dados<\/h2>\r\n\r\n\r\n\r\n<p>Quaisquer dados eventualmente recolhidos para os fins j\u00e1 indicados ser\u00e3o arquivados durante o tempo necess\u00e1rio para cumprir o servi\u00e7o que levou \u00e0 sua recolha. Em alguns casos poder\u00e3o ficar arquivados na sua ficha de cliente, caso tal se justifique para melhor cumprimento do servi\u00e7o.<\/p>\r\n\r\n\r\n\r\n<h2 class=\"wp-block-heading\">Que direitos tem sobre os seus dados<\/h2>\r\n\r\n\r\n\r\n<p>Quaisquer dados recolhidos est\u00e3o sujeitos ao cumprimento de todas as regras estipuladas no RGPD &#8211; Regulamento Geral de Prote\u00e7\u00e3o de Dados, e como tal, o seu propriet\u00e1rio pode evocar todos os direitos nele previstos.<\/p>\r\n\r\n\r\n\r\n<h2 class=\"wp-block-heading\">Informa\u00e7\u00e3o de contacto<\/h2>\r\n<p>Quest\u00f5es sobre as pol\u00edticas de privacidade podem ser enviadas para <a href=\"mailto:dpo@acesso.com.pt\">dpo@acesso.com.pt<\/a><\/p>\r\n\r\n\r\n\r\n<h3 class=\"wp-block-heading\">&nbsp;<\/h3>\r\n","protected":false},"excerpt":{"rendered":"<p>Quem somos O endere\u00e7o do nosso website \u00e9: https:\/\/acesso.com.pt Que dados pessoais recolhemos Por regra, este site n\u00e3o recolhe dados do utilizador de forma oculta. Em casos excecionais poder\u00e1 ser pedido algum dado, por exemplo para pedido de contacto, caso tal se revele absolutamente necess\u00e1rio para a execu\u00e7\u00e3o do pedido. Nesses casos, o utilizador \u00e9 [&hellip;]<\/p>\n","protected":false},"author":1,"featured_media":0,"parent":0,"menu_order":0,"comment_status":"closed","ping_status":"closed","template":"","meta":{"_acf_changed":false,"ngg_post_thumbnail":0,"footnotes":""},"class_list":["post-3","page","type-page","status-publish","czr-hentry"],"acf":[],"_links":{"self":[{"href":"https:\/\/acesso.com.pt\/acesso\/wp-json\/wp\/v2\/pages\/3","targetHints":{"allow":["GET"]}}],"collection":[{"href":"https:\/\/acesso.com.pt\/acesso\/wp-json\/wp\/v2\/pages"}],"about":[{"href":"https:\/\/acesso.com.pt\/acesso\/wp-json\/wp\/v2\/types\/page"}],"author":[{"embeddable":true,"href":"https:\/\/acesso.com.pt\/acesso\/wp-json\/wp\/v2\/users\/1"}],"replies":[{"embeddable":true,"href":"https:\/\/acesso.com.pt\/acesso\/wp-json\/wp\/v2\/comments?post=3"}],"version-history":[{"count":3,"href":"https:\/\/acesso.com.pt\/acesso\/wp-json\/wp\/v2\/pages\/3\/revisions"}],"predecessor-version":[{"id":392,"href":"https:\/\/acesso.com.pt\/acesso\/wp-json\/wp\/v2\/pages\/3\/revisions\/392"}],"wp:attachment":[{"href":"https:\/\/acesso.com.pt\/acesso\/wp-json\/wp\/v2\/media?parent=3"}],"curies":[{"name":"wp","href":"https:\/\/api.w.org\/{rel}","templated":true}]}}