{"id":322,"date":"2022-03-30T14:20:12","date_gmt":"2022-03-30T13:20:12","guid":{"rendered":"https:\/\/acesso.com.pt\/acesso\/?page_id=322"},"modified":"2022-03-30T14:20:12","modified_gmt":"2022-03-30T13:20:12","slug":"quem-somos-2","status":"publish","type":"page","link":"https:\/\/acesso.com.pt\/acesso\/quem-somos-2\/","title":{"rendered":"Quem somos"},"content":{"rendered":"<ul>\n<li><a href=\"https:\/\/acesso.com.pt\/acesso\/quem-somos\/\">Hist\u00f3ria da Acesso<\/a><\/li>\n<li><a href=\"https:\/\/acesso.com.pt\/acesso\/areas-de-presenca\/\">\u00c1reas de presen\u00e7a<\/a><\/li>\n<li><a href=\"https:\/\/acesso.com.pt\/acesso\/galeria\/\">Galeria de imagens<\/a><\/li>\n<\/ul>\n","protected":false},"excerpt":{"rendered":"<p>Hist\u00f3ria da Acesso \u00c1reas de presen\u00e7a Galeria de imagens<\/p>\n","protected":false},"author":1,"featured_media":0,"parent":0,"menu_order":0,"comment_status":"closed","ping_status":"closed","template":"","meta":{"_acf_changed":false,"ngg_post_thumbnail":0,"footnotes":""},"class_list":["post-322","page","type-page","status-publish","czr-hentry"],"acf":[],"_links":{"self":[{"href":"https:\/\/acesso.com.pt\/acesso\/wp-json\/wp\/v2\/pages\/322","targetHints":{"allow":["GET"]}}],"collection":[{"href":"https:\/\/acesso.com.pt\/acesso\/wp-json\/wp\/v2\/pages"}],"about":[{"href":"https:\/\/acesso.com.pt\/acesso\/wp-json\/wp\/v2\/types\/page"}],"author":[{"embeddable":true,"href":"https:\/\/acesso.com.pt\/acesso\/wp-json\/wp\/v2\/users\/1"}],"replies":[{"embeddable":true,"href":"https:\/\/acesso.com.pt\/acesso\/wp-json\/wp\/v2\/comments?post=322"}],"version-history":[{"count":1,"href":"https:\/\/acesso.com.pt\/acesso\/wp-json\/wp\/v2\/pages\/322\/revisions"}],"predecessor-version":[{"id":323,"href":"https:\/\/acesso.com.pt\/acesso\/wp-json\/wp\/v2\/pages\/322\/revisions\/323"}],"wp:attachment":[{"href":"https:\/\/acesso.com.pt\/acesso\/wp-json\/wp\/v2\/media?parent=322"}],"curies":[{"name":"wp","href":"https:\/\/api.w.org\/{rel}","templated":true}]}}