{"id":325,"date":"2022-03-30T14:35:34","date_gmt":"2022-03-30T13:35:34","guid":{"rendered":"https:\/\/acesso.com.pt\/acesso\/?page_id=325"},"modified":"2022-03-30T15:14:13","modified_gmt":"2022-03-30T14:14:13","slug":"apresentacao-norg","status":"publish","type":"page","link":"https:\/\/acesso.com.pt\/acesso\/apresentacao-norg\/","title":{"rendered":"Apresenta\u00e7\u00e3o NORG"},"content":{"rendered":"<p>Apresenta\u00e7\u00e3o Norg Windows vers\u00e3o 1:<\/p>\n<div style=\"width: 640px;\" class=\"wp-video\"><video class=\"wp-video-shortcode\" id=\"video-325-1\" width=\"640\" height=\"480\" preload=\"metadata\" controls=\"controls\"><source type=\"video\/mp4\" src=\"https:\/\/acesso.com.pt\/acesso\/wp-content\/uploads\/2022\/03\/NorgWin-Video.mp4?_=1\" \/><a href=\"https:\/\/acesso.com.pt\/acesso\/wp-content\/uploads\/2022\/03\/NorgWin-Video.mp4\">https:\/\/acesso.com.pt\/acesso\/wp-content\/uploads\/2022\/03\/NorgWin-Video.mp4<\/a><\/video><\/div>\n","protected":false},"excerpt":{"rendered":"<p>Apresenta\u00e7\u00e3o Norg Windows vers\u00e3o 1:<\/p>\n","protected":false},"author":1,"featured_media":0,"parent":0,"menu_order":0,"comment_status":"closed","ping_status":"closed","template":"","meta":{"_acf_changed":false,"ngg_post_thumbnail":0,"footnotes":""},"class_list":["post-325","page","type-page","status-publish","czr-hentry"],"acf":[],"_links":{"self":[{"href":"https:\/\/acesso.com.pt\/acesso\/wp-json\/wp\/v2\/pages\/325","targetHints":{"allow":["GET"]}}],"collection":[{"href":"https:\/\/acesso.com.pt\/acesso\/wp-json\/wp\/v2\/pages"}],"about":[{"href":"https:\/\/acesso.com.pt\/acesso\/wp-json\/wp\/v2\/types\/page"}],"author":[{"embeddable":true,"href":"https:\/\/acesso.com.pt\/acesso\/wp-json\/wp\/v2\/users\/1"}],"replies":[{"embeddable":true,"href":"https:\/\/acesso.com.pt\/acesso\/wp-json\/wp\/v2\/comments?post=325"}],"version-history":[{"count":3,"href":"https:\/\/acesso.com.pt\/acesso\/wp-json\/wp\/v2\/pages\/325\/revisions"}],"predecessor-version":[{"id":341,"href":"https:\/\/acesso.com.pt\/acesso\/wp-json\/wp\/v2\/pages\/325\/revisions\/341"}],"wp:attachment":[{"href":"https:\/\/acesso.com.pt\/acesso\/wp-json\/wp\/v2\/media?parent=325"}],"curies":[{"name":"wp","href":"https:\/\/api.w.org\/{rel}","templated":true}]}}