{"id":34,"date":"2020-02-14T15:24:57","date_gmt":"2020-02-14T15:24:57","guid":{"rendered":"https:\/\/selmapicado.com\/acesso\/?page_id=34"},"modified":"2022-03-30T14:18:14","modified_gmt":"2022-03-30T13:18:14","slug":"quem-somos","status":"publish","type":"page","link":"https:\/\/acesso.com.pt\/acesso\/quem-somos\/","title":{"rendered":"Hist\u00f3ria"},"content":{"rendered":"<p><strong>8 de Fevereiro de 1993 &#8211; <\/strong>Nascia a ACESSO.<\/p>\n<p>A sua sede com 250 mt2, est\u00e1 situada no concelho de \u00c1gueda, distrito de Aveiro.<\/p>\n<p class=\"content\">A&nbsp;ACESSO tra\u00e7ou o seu rumo especializando-se,&nbsp;desde a sua origem,&nbsp;em solu\u00e7\u00f5es globais de hardware e software administrativo e industrial.&nbsp;Desenvolver, comercializar, implementar e dar suporte tornou-se a sua imagem de marca.<\/p>\n<p class=\"content\">Tr\u00eas&nbsp;vectores t\u00eam caracterizado a sua hist\u00f3ria: o&nbsp;empreendedorismo dos seus fundadores, a busca de produtos fi\u00e1veis,&nbsp;a compet\u00eancia&nbsp;de seus&nbsp;colaboradores.<\/p>\n<p class=\"content\">Atenta \u00e0s&nbsp;tend\u00eancias do mercado, a&nbsp;ACESSO oferece um completo conjunto de solu\u00e7\u00f5es e servi\u00e7os de inform\u00e1tica, tendo como patrim\u00f3nio indissoci\u00e1vel a confian\u00e7a de seus clientes.<\/p>\n","protected":false},"excerpt":{"rendered":"<p>8 de Fevereiro de 1993 &#8211; Nascia a ACESSO. A sua sede com 250 mt2, est\u00e1 situada no concelho de \u00c1gueda, distrito de Aveiro. A&nbsp;ACESSO tra\u00e7ou o seu rumo especializando-se,&nbsp;desde a sua origem,&nbsp;em solu\u00e7\u00f5es globais de hardware e software administrativo e industrial.&nbsp;Desenvolver, comercializar, implementar e dar suporte tornou-se a sua imagem de marca. Tr\u00eas&nbsp;vectores t\u00eam [&hellip;]<\/p>\n","protected":false},"author":1,"featured_media":6,"parent":0,"menu_order":0,"comment_status":"closed","ping_status":"closed","template":"","meta":{"_acf_changed":false,"ngg_post_thumbnail":0,"footnotes":""},"class_list":["post-34","page","type-page","status-publish","has-post-thumbnail","czr-hentry"],"acf":[],"_links":{"self":[{"href":"https:\/\/acesso.com.pt\/acesso\/wp-json\/wp\/v2\/pages\/34","targetHints":{"allow":["GET"]}}],"collection":[{"href":"https:\/\/acesso.com.pt\/acesso\/wp-json\/wp\/v2\/pages"}],"about":[{"href":"https:\/\/acesso.com.pt\/acesso\/wp-json\/wp\/v2\/types\/page"}],"author":[{"embeddable":true,"href":"https:\/\/acesso.com.pt\/acesso\/wp-json\/wp\/v2\/users\/1"}],"replies":[{"embeddable":true,"href":"https:\/\/acesso.com.pt\/acesso\/wp-json\/wp\/v2\/comments?post=34"}],"version-history":[{"count":3,"href":"https:\/\/acesso.com.pt\/acesso\/wp-json\/wp\/v2\/pages\/34\/revisions"}],"predecessor-version":[{"id":321,"href":"https:\/\/acesso.com.pt\/acesso\/wp-json\/wp\/v2\/pages\/34\/revisions\/321"}],"wp:featuredmedia":[{"embeddable":true,"href":"https:\/\/acesso.com.pt\/acesso\/wp-json\/wp\/v2\/media\/6"}],"wp:attachment":[{"href":"https:\/\/acesso.com.pt\/acesso\/wp-json\/wp\/v2\/media?parent=34"}],"curies":[{"name":"wp","href":"https:\/\/api.w.org\/{rel}","templated":true}]}}