{"id":36,"date":"2020-02-14T15:25:15","date_gmt":"2020-02-14T15:25:15","guid":{"rendered":"https:\/\/selmapicado.com\/acesso\/?page_id=36"},"modified":"2022-03-30T18:15:05","modified_gmt":"2022-03-30T17:15:05","slug":"produtos","status":"publish","type":"page","link":"https:\/\/acesso.com.pt\/acesso\/produtos\/","title":{"rendered":"Produtos"},"content":{"rendered":"<p>Comercializamos produtos para apoiar a sua empresa em todas as suas necessidades.<\/p>\n<p>&nbsp;<\/p>\n<table style=\"height: 176px;\" width=\"1244\">\n<tbody>\n<tr>\n<td width=\"105\"><a href=\"https:\/\/acesso.com.pt\/acesso\/hardware-2\/\"><strong>HARDWARE<\/strong><\/a><\/td>\n<td width=\"105\"><a href=\"https:\/\/acesso.com.pt\/acesso\/software-2\/\"><strong>SOFTWARE<\/strong><\/a><\/td>\n<td width=\"105\"><strong>MISTIF\u00d3RIO<\/strong><\/td>\n<td width=\"105\"><strong>EQ. ESCRIT\u00d3RIO<\/strong><\/td>\n<\/tr>\n<tr>\n<td width=\"105\">\n<ul>\n<li>Gest\u00e3o Comercial<\/li>\n<li>Servidores<\/li>\n<li>Computadores<\/li>\n<li>Impressoras<\/li>\n<li>Multifuncionais<\/li>\n<li>Mobilidade<\/li>\n<li>Seguran\u00e7a de Redes<\/li>\n<li>UPS<\/li>\n<li>etc.<\/li>\n<\/ul>\n<\/td>\n<td width=\"105\">\n<ul>\n<li>Gest\u00e3o Comercial<\/li>\n<li>Gest\u00e3o Industrial<\/li>\n<li>Ponto de Venda Retalho<\/li>\n<li>Ponto de Venda Restaura\u00e7\u00e3o<\/li>\n<li>Contabilidades<\/li>\n<li>Imobilizado<\/li>\n<li>Recursos Humanos<\/li>\n<li>etc.<\/li>\n<\/ul>\n<\/td>\n<td width=\"105\">\n<ul>\n<li>Consultoria<\/li>\n<li>P\u00e1ginas Internet<\/li>\n<li>Cablagem<\/li>\n<li>Consum\u00edveis de Impress\u00e3o<\/li>\n<li>Localiza\u00e7\u00e3o viaturas<\/li>\n<li>etc.<\/li>\n<\/ul>\n<\/td>\n<td width=\"105\">\n<ul>\n<li>Fotocopiadoras<\/li>\n<li>Rel\u00f3gios de Ponto<\/li>\n<li>Videoprojectores<\/li>\n<li>Encaderna\u00e7\u00e3o<\/li>\n<li>Destruidores de papel<\/li>\n<li>Artigos de papelaria<\/li>\n<li>etc.<\/li>\n<\/ul>\n<\/td>\n<\/tr>\n<\/tbody>\n<\/table>\n","protected":false},"excerpt":{"rendered":"<p>Comercializamos produtos para apoiar a sua empresa em todas as suas necessidades. &nbsp; HARDWARE SOFTWARE MISTIF\u00d3RIO EQ. ESCRIT\u00d3RIO Gest\u00e3o Comercial Servidores Computadores Impressoras Multifuncionais Mobilidade Seguran\u00e7a de Redes UPS etc. Gest\u00e3o Comercial Gest\u00e3o Industrial Ponto de Venda Retalho Ponto de Venda Restaura\u00e7\u00e3o Contabilidades Imobilizado Recursos Humanos etc. Consultoria P\u00e1ginas Internet Cablagem Consum\u00edveis de Impress\u00e3o Localiza\u00e7\u00e3o [&hellip;]<\/p>\n","protected":false},"author":1,"featured_media":0,"parent":0,"menu_order":0,"comment_status":"closed","ping_status":"closed","template":"","meta":{"_acf_changed":false,"ngg_post_thumbnail":0,"footnotes":""},"class_list":["post-36","page","type-page","status-publish","czr-hentry"],"acf":[],"_links":{"self":[{"href":"https:\/\/acesso.com.pt\/acesso\/wp-json\/wp\/v2\/pages\/36","targetHints":{"allow":["GET"]}}],"collection":[{"href":"https:\/\/acesso.com.pt\/acesso\/wp-json\/wp\/v2\/pages"}],"about":[{"href":"https:\/\/acesso.com.pt\/acesso\/wp-json\/wp\/v2\/types\/page"}],"author":[{"embeddable":true,"href":"https:\/\/acesso.com.pt\/acesso\/wp-json\/wp\/v2\/users\/1"}],"replies":[{"embeddable":true,"href":"https:\/\/acesso.com.pt\/acesso\/wp-json\/wp\/v2\/comments?post=36"}],"version-history":[{"count":13,"href":"https:\/\/acesso.com.pt\/acesso\/wp-json\/wp\/v2\/pages\/36\/revisions"}],"predecessor-version":[{"id":380,"href":"https:\/\/acesso.com.pt\/acesso\/wp-json\/wp\/v2\/pages\/36\/revisions\/380"}],"wp:attachment":[{"href":"https:\/\/acesso.com.pt\/acesso\/wp-json\/wp\/v2\/media?parent=36"}],"curies":[{"name":"wp","href":"https:\/\/api.w.org\/{rel}","templated":true}]}}