{"id":365,"date":"2022-03-30T17:30:35","date_gmt":"2022-03-30T16:30:35","guid":{"rendered":"https:\/\/acesso.com.pt\/acesso\/?page_id=365"},"modified":"2022-03-31T11:52:10","modified_gmt":"2022-03-31T10:52:10","slug":"software","status":"publish","type":"page","link":"https:\/\/acesso.com.pt\/acesso\/software\/","title":{"rendered":"Software"},"content":{"rendered":"<p><img loading=\"lazy\" decoding=\"async\" class=\"alignnone size-full wp-image-366\" src=\"https:\/\/acesso.com.pt\/acesso\/wp-content\/uploads\/2022\/03\/software.jpg\" alt=\"\" width=\"300\" height=\"223\"><\/p>\n<p>Desenvolvemos e distribu\u00edmos aplica\u00e7\u00f5es para todas as \u00e1reas de a\u00e7\u00e3o empresarial, industrial e de retalho.<br \/>\nConsulte-nos para as nossas propostas.<\/p>\n<p>&nbsp;<\/p>\n<p><strong>Software POS &#8211; Terminal de Ponto de Venda<\/strong><\/p>\n<ul>\n<li>Solu\u00e7\u00f5es espec\u00edficas para as realidades do com\u00e9rcio de restaura\u00e7\u00e3o e retalho<\/li>\n<li>Solu\u00e7\u00f5es para com\u00e9rcio em mobilidade (venda ambulante)<\/li>\n<li>Solu\u00e7\u00f5es intuitivas e f\u00e1ceis de serem utilizadas mesmo por pessoas sem experi\u00eancia em inform\u00e1tica<\/li>\n<\/ul>\n<p>&nbsp;<\/p>\n<p><strong>Software espec\u00edfico para diferentes \u00e1reas de atua\u00e7\u00e3o<\/strong><\/p>\n<ul>\n<li>Fatura\u00e7\u00e3o<\/li>\n<li>Gest\u00e3o Comercial<\/li>\n<li>Contabilidade,<\/li>\n<li>Sal\u00e1rios<\/li>\n<li>Imobilizado<\/li>\n<li>IES<\/li>\n<li>Gabinetes de Seguros<\/li>\n<\/ul>\n<p>&nbsp;<\/p>\n<p><strong>Software empresarial integrado &#8211; ERP<\/strong><\/p>\n<ul>\n<li>Software integrado com solu\u00e7\u00f5es m\u00faltiplas para todas as \u00e1reas do ramo empresarial<\/li>\n<li>Gest\u00e3o de Produ\u00e7\u00e3o<\/li>\n<li>Gestor de Rela\u00e7\u00f5es com os Clientes &#8211; CRM<\/li>\n<\/ul>\n<p>&nbsp;<\/p>\n<p><strong>Software de produtividade<\/strong><\/p>\n<ul>\n<li>Distribu\u00edmos software vocacionado para a maximiza\u00e7\u00e3o da produtividade empresarial<\/li>\n<li>Sistema Operativo Windows<\/li>\n<li>Microsoft Office (Word, Excel, PowerPoint, Outlook, Access, Publisher, etc.)<\/li>\n<li>Adobe Acrobat<\/li>\n<\/ul>\n","protected":false},"excerpt":{"rendered":"<p>Desenvolvemos e distribu\u00edmos aplica\u00e7\u00f5es para todas as \u00e1reas de a\u00e7\u00e3o empresarial, industrial e de retalho. Consulte-nos para as nossas propostas. &nbsp; Software POS &#8211; Terminal de Ponto de Venda Solu\u00e7\u00f5es espec\u00edficas para as realidades do com\u00e9rcio de restaura\u00e7\u00e3o e retalho Solu\u00e7\u00f5es para com\u00e9rcio em mobilidade (venda ambulante) Solu\u00e7\u00f5es intuitivas e f\u00e1ceis de serem utilizadas mesmo [&hellip;]<\/p>\n","protected":false},"author":1,"featured_media":366,"parent":0,"menu_order":0,"comment_status":"closed","ping_status":"closed","template":"","meta":{"_acf_changed":false,"ngg_post_thumbnail":0,"footnotes":""},"class_list":["post-365","page","type-page","status-publish","has-post-thumbnail","czr-hentry"],"acf":[],"_links":{"self":[{"href":"https:\/\/acesso.com.pt\/acesso\/wp-json\/wp\/v2\/pages\/365","targetHints":{"allow":["GET"]}}],"collection":[{"href":"https:\/\/acesso.com.pt\/acesso\/wp-json\/wp\/v2\/pages"}],"about":[{"href":"https:\/\/acesso.com.pt\/acesso\/wp-json\/wp\/v2\/types\/page"}],"author":[{"embeddable":true,"href":"https:\/\/acesso.com.pt\/acesso\/wp-json\/wp\/v2\/users\/1"}],"replies":[{"embeddable":true,"href":"https:\/\/acesso.com.pt\/acesso\/wp-json\/wp\/v2\/comments?post=365"}],"version-history":[{"count":4,"href":"https:\/\/acesso.com.pt\/acesso\/wp-json\/wp\/v2\/pages\/365\/revisions"}],"predecessor-version":[{"id":375,"href":"https:\/\/acesso.com.pt\/acesso\/wp-json\/wp\/v2\/pages\/365\/revisions\/375"}],"wp:featuredmedia":[{"embeddable":true,"href":"https:\/\/acesso.com.pt\/acesso\/wp-json\/wp\/v2\/media\/366"}],"wp:attachment":[{"href":"https:\/\/acesso.com.pt\/acesso\/wp-json\/wp\/v2\/media?parent=365"}],"curies":[{"name":"wp","href":"https:\/\/api.w.org\/{rel}","templated":true}]}}