{"id":40,"date":"2020-02-14T15:25:50","date_gmt":"2020-02-14T15:25:50","guid":{"rendered":"https:\/\/selmapicado.com\/acesso\/?page_id=40"},"modified":"2022-11-16T18:08:25","modified_gmt":"2022-11-16T17:08:25","slug":"contactos","status":"publish","type":"page","link":"https:\/\/acesso.com.pt\/acesso\/contactos\/","title":{"rendered":"Contactos"},"content":{"rendered":"<p><strong><span class=\"letra21\">A C E S S <\/span>O<br \/>\n<\/strong><em><span class=\"letra8\">Aplica\u00e7\u00f5es, Comercializa\u00e7\u00e3o de Equipamentos e Solu\u00e7\u00f5es em Organiza\u00e7\u00e3o, Lda.<\/span><\/em><\/p>\n<p><strong>Morada:<\/strong><br \/>\n<span class=\"letra12\">Rua Eng. Jos\u00e9 Bastos Xavier, 22<br \/>\n3750-144 \u00c1gueda<\/span><\/p>\n<p><span class=\"texto37\"><strong>Telefone<\/strong>: <\/span><span class=\"letra12\"><a href=\"tel:234600320\">234 600 320<\/a><br \/>\n<\/span><span class=\"letra12\">Chamada para a rede fixa nacional<br \/>\n<\/span><\/p>\n<p><span class=\"letra12\"><strong>Email:<\/strong><br \/>\n<\/span><span class=\"letra12\">Comercial: <a href=\"mailto:comercial@acesso.com.pt\">comercial@acesso.com.pt<\/a><br \/>\nApoio T\u00e9cnico: <a href=\"mailto:tecnica@acesso.com.pt\">tecnica@acesso.com.pt<\/a><br \/>\nApoio Software: <a href=\"mailto:apoio@acesso.com.pt\">apoio@acesso.com.pt<\/a><br \/>\nDPO\/RGPD: <a href=\"mailto:dpo@acesso.com.pt\">dpo@acesso.com.pt<\/a><br \/>\n<\/span><span class=\"texto37\">Administra\u00e7\u00e3o: <\/span><span class=\"letra12\"><a class=\"letra12\" href=\"mailto:acesso@mail.telepac.pt\">acesso@mail.telepac.pt<\/a><\/span><\/p>\n<p>L: <a href=\"https:\/\/www.google.com\/maps\/place\/R.+Eng.+Jos%C3%A9+Bastos+Xavier+22,+3750-144+%C3%81gueda\/@40.5771909,-8.4464487,92m\/data=!3m1!1e3!4m5!3m4!1s0xd230a2e71375abf:0x125454b0e8410fac!8m2!3d40.577161!4d-8.446213\" target=\"_blank\" rel=\"noopener noreferrer\">40.577161, -8.446213<\/a><\/p>\n<p>&nbsp;<\/p>\n<p><strong>Formul\u00e1rio de Contacto<\/strong><\/p>\n\n<div class=\"wpcf7 no-js\" id=\"wpcf7-f64-o1\" lang=\"pt-PT\" dir=\"ltr\" data-wpcf7-id=\"64\">\n<div class=\"screen-reader-response\"><p role=\"status\" aria-live=\"polite\" aria-atomic=\"true\"><\/p> <ul><\/ul><\/div>\n<form action=\"\/acesso\/wp-json\/wp\/v2\/pages\/40#wpcf7-f64-o1\" method=\"post\" class=\"wpcf7-form init\" aria-label=\"Formul\u00e1rio de contacto\" novalidate=\"novalidate\" data-status=\"init\">\n<fieldset class=\"hidden-fields-container\"><input type=\"hidden\" name=\"_wpcf7\" value=\"64\" \/><input type=\"hidden\" name=\"_wpcf7_version\" value=\"6.1.5\" \/><input type=\"hidden\" name=\"_wpcf7_locale\" value=\"pt_PT\" \/><input type=\"hidden\" name=\"_wpcf7_unit_tag\" value=\"wpcf7-f64-o1\" \/><input type=\"hidden\" name=\"_wpcf7_container_post\" value=\"0\" \/><input type=\"hidden\" name=\"_wpcf7_posted_data_hash\" value=\"\" \/>\n<\/fieldset>\n<p><label> O seu nome (obrigat\u00f3rio)<br \/>\n<span class=\"wpcf7-form-control-wrap\" data-name=\"your-name\"><input size=\"40\" maxlength=\"400\" class=\"wpcf7-form-control wpcf7-text wpcf7-validates-as-required\" aria-required=\"true\" aria-invalid=\"false\" value=\"\" type=\"text\" name=\"your-name\" \/><\/span> <\/label>\n<\/p>\n<p><label> O seu email (obrigat\u00f3rio)<br \/>\n<span class=\"wpcf7-form-control-wrap\" data-name=\"your-email\"><input size=\"40\" maxlength=\"400\" class=\"wpcf7-form-control wpcf7-email wpcf7-validates-as-required wpcf7-text wpcf7-validates-as-email\" aria-required=\"true\" aria-invalid=\"false\" value=\"\" type=\"email\" name=\"your-email\" \/><\/span> <\/label>\n<\/p>\n<p><label> Assunto<br \/>\n<span class=\"wpcf7-form-control-wrap\" data-name=\"your-subject\"><input size=\"40\" maxlength=\"400\" class=\"wpcf7-form-control wpcf7-text\" aria-invalid=\"false\" value=\"\" type=\"text\" name=\"your-subject\" \/><\/span> <\/label>\n<\/p>\n<p><label> A sua mensagem<br \/>\n<span class=\"wpcf7-form-control-wrap\" data-name=\"your-message\"><textarea cols=\"40\" rows=\"10\" maxlength=\"2000\" class=\"wpcf7-form-control wpcf7-textarea\" aria-invalid=\"false\" name=\"your-message\"><\/textarea><\/span> <\/label>\n<\/p>\n<p><input class=\"wpcf7-form-control wpcf7-submit has-spinner\" type=\"submit\" value=\"Enviar\" \/>\n<\/p><div class=\"frc-captcha \" data-sitekey=\"FCMU8CA2HQET1NF4\" data-lang=\"pt\" ><\/div>\n\t\t<noscript>You need to enable Javascript for the anti-spam check.<\/noscript><div class=\"wpcf7-response-output\" aria-hidden=\"true\"><\/div>\n<\/form>\n<\/div>\n\n","protected":false},"excerpt":{"rendered":"<p>A C E S S O Aplica\u00e7\u00f5es, Comercializa\u00e7\u00e3o de Equipamentos e Solu\u00e7\u00f5es em Organiza\u00e7\u00e3o, Lda. Morada: Rua Eng. Jos\u00e9 Bastos Xavier, 22 3750-144 \u00c1gueda Telefone: 234 600 320 Chamada para a rede fixa nacional Email: Comercial: comercial@acesso.com.pt Apoio T\u00e9cnico: tecnica@acesso.com.pt Apoio Software: apoio@acesso.com.pt DPO\/RGPD: dpo@acesso.com.pt Administra\u00e7\u00e3o: acesso@mail.telepac.pt L: 40.577161, -8.446213 &nbsp; Formul\u00e1rio de Contacto<\/p>\n","protected":false},"author":1,"featured_media":0,"parent":0,"menu_order":0,"comment_status":"closed","ping_status":"closed","template":"","meta":{"_acf_changed":false,"ngg_post_thumbnail":0,"footnotes":""},"class_list":["post-40","page","type-page","status-publish","czr-hentry"],"acf":[],"_links":{"self":[{"href":"https:\/\/acesso.com.pt\/acesso\/wp-json\/wp\/v2\/pages\/40","targetHints":{"allow":["GET"]}}],"collection":[{"href":"https:\/\/acesso.com.pt\/acesso\/wp-json\/wp\/v2\/pages"}],"about":[{"href":"https:\/\/acesso.com.pt\/acesso\/wp-json\/wp\/v2\/types\/page"}],"author":[{"embeddable":true,"href":"https:\/\/acesso.com.pt\/acesso\/wp-json\/wp\/v2\/users\/1"}],"replies":[{"embeddable":true,"href":"https:\/\/acesso.com.pt\/acesso\/wp-json\/wp\/v2\/comments?post=40"}],"version-history":[{"count":11,"href":"https:\/\/acesso.com.pt\/acesso\/wp-json\/wp\/v2\/pages\/40\/revisions"}],"predecessor-version":[{"id":793,"href":"https:\/\/acesso.com.pt\/acesso\/wp-json\/wp\/v2\/pages\/40\/revisions\/793"}],"wp:attachment":[{"href":"https:\/\/acesso.com.pt\/acesso\/wp-json\/wp\/v2\/media?parent=40"}],"curies":[{"name":"wp","href":"https:\/\/api.w.org\/{rel}","templated":true}]}}