{"id":796,"date":"2023-06-26T11:48:48","date_gmt":"2023-06-26T10:48:48","guid":{"rendered":"https:\/\/acesso.com.pt\/acesso\/?page_id=796"},"modified":"2023-06-26T14:42:26","modified_gmt":"2023-06-26T13:42:26","slug":"resolucao-de-litigios","status":"publish","type":"page","link":"https:\/\/acesso.com.pt\/acesso\/resolucao-de-litigios\/","title":{"rendered":"Resolu\u00e7\u00e3o de lit\u00edgios"},"content":{"rendered":"<p><img loading=\"lazy\" decoding=\"async\" class=\"alignnone wp-image-798\" src=\"https:\/\/acesso.com.pt\/acesso\/wp-content\/uploads\/2023\/06\/i006763-289x300.jpg\" alt=\"\" width=\"407\" height=\"422\" srcset=\"https:\/\/acesso.com.pt\/acesso\/wp-content\/uploads\/2023\/06\/i006763-289x300.jpg 289w, https:\/\/acesso.com.pt\/acesso\/wp-content\/uploads\/2023\/06\/i006763-985x1024.jpg 985w, https:\/\/acesso.com.pt\/acesso\/wp-content\/uploads\/2023\/06\/i006763-768x798.jpg 768w, https:\/\/acesso.com.pt\/acesso\/wp-content\/uploads\/2023\/06\/i006763-600x624.jpg 600w, https:\/\/acesso.com.pt\/acesso\/wp-content\/uploads\/2023\/06\/i006763.jpg 1417w\" sizes=\"auto, (max-width: 407px) 100vw, 407px\" \/><\/p>\n<p>&nbsp;<\/p>\n<header class=\"article-header\">\n<h1>Resolu\u00e7\u00e3o Alternativa de Lit\u00edgios de Consumo<\/h1>\n<\/header>\n<div class=\"article-content\">\n<div>&nbsp;<\/div>\n<p>O Consumidor pode, por sua op\u00e7\u00e3o expressa, submeter a resolu\u00e7\u00e3o de lit\u00edgios \u00e0 aprecia\u00e7\u00e3o de um centro de arbitragem de conflitos de consumo.<\/p>\n<p>Em cumprimento do artigo 18.\u00ba da Lei n.\u00ba 144\/2015, de 8 de setembro, informa-se que a entidade de Resolu\u00e7\u00e3o Alternativa de Lit\u00edgios de Consumo \u00e9 a seguinte:<\/p>\n<ul>\n<li><strong>Centro Nacional de Informa\u00e7\u00e3o e Arbitragem de Conflitos de Consumo (CNIACC)<\/strong><br \/>\nRua D. Afonso Henriques, 1<br \/>\n4700-030 Braga<br \/>\n+351 253 619 107<br \/>\n<a href=\"https:\/\/www.cniacc.pt\/pt\/\" target=\"_blank\" rel=\"noopener\">www.cniacc.pt<\/a><\/li>\n<\/ul>\n<p>&nbsp;<\/p>\n<\/div>\n","protected":false},"excerpt":{"rendered":"<p>&nbsp; Resolu\u00e7\u00e3o Alternativa de Lit\u00edgios de Consumo &nbsp; O Consumidor pode, por sua op\u00e7\u00e3o expressa, submeter a resolu\u00e7\u00e3o de lit\u00edgios \u00e0 aprecia\u00e7\u00e3o de um centro de arbitragem de conflitos de consumo. Em cumprimento do artigo 18.\u00ba da Lei n.\u00ba 144\/2015, de 8 de setembro, informa-se que a entidade de Resolu\u00e7\u00e3o Alternativa de Lit\u00edgios de Consumo [&hellip;]<\/p>\n","protected":false},"author":1,"featured_media":0,"parent":0,"menu_order":0,"comment_status":"closed","ping_status":"closed","template":"","meta":{"_acf_changed":false,"ngg_post_thumbnail":0,"footnotes":""},"class_list":["post-796","page","type-page","status-publish","czr-hentry"],"acf":[],"_links":{"self":[{"href":"https:\/\/acesso.com.pt\/acesso\/wp-json\/wp\/v2\/pages\/796","targetHints":{"allow":["GET"]}}],"collection":[{"href":"https:\/\/acesso.com.pt\/acesso\/wp-json\/wp\/v2\/pages"}],"about":[{"href":"https:\/\/acesso.com.pt\/acesso\/wp-json\/wp\/v2\/types\/page"}],"author":[{"embeddable":true,"href":"https:\/\/acesso.com.pt\/acesso\/wp-json\/wp\/v2\/users\/1"}],"replies":[{"embeddable":true,"href":"https:\/\/acesso.com.pt\/acesso\/wp-json\/wp\/v2\/comments?post=796"}],"version-history":[{"count":5,"href":"https:\/\/acesso.com.pt\/acesso\/wp-json\/wp\/v2\/pages\/796\/revisions"}],"predecessor-version":[{"id":803,"href":"https:\/\/acesso.com.pt\/acesso\/wp-json\/wp\/v2\/pages\/796\/revisions\/803"}],"wp:attachment":[{"href":"https:\/\/acesso.com.pt\/acesso\/wp-json\/wp\/v2\/media?parent=796"}],"curies":[{"name":"wp","href":"https:\/\/api.w.org\/{rel}","templated":true}]}}